{"id":8,"date":"2015-09-21T20:03:44","date_gmt":"2015-09-21T18:03:44","guid":{"rendered":"http:\/\/heilpraxis-roetzer.de\/?page_id=8"},"modified":"2016-03-25T13:09:10","modified_gmt":"2016-03-25T12:09:10","slug":"ueber-mich","status":"publish","type":"page","link":"https:\/\/heilpraxis-roetzer.de\/","title":{"rendered":"\u00dcber mich"},"content":{"rendered":"<div>\n<div style=\"width: 60%; height: 100%; float: left;\">\n<h1>\u00dcber mich<\/h1>\n<p>Schon w\u00e4hrend meiner Zeit als pharmazeutische Fachkraft hat mich die Heilkraft der Pflanzen sehr interessiert. Auch das Bed\u00fcrfnis, kranken Menschen zu helfen, damit Sie wieder zu Wohlbefinden und Lebensfreude gelangen, liegt mir am Herzen.<\/p>\n<h2 style=\"text-align: justify;\">Berufung zum Beruf<\/h2>\n<p>Diese F\u00e4higkeiten habe ich zu meinem Beruf gemacht.<\/p>\n<p>Nach erfolgreich abgeschlossener Ausbildung zur Heilpraktikerin, konnte ich durch zahlreiche Fort- und Weiterbildungen mein Wissen vertiefen. Praktische Kenntnisse in verschiedenen Naturheilverfahren erhielt ich von erfahrenen Heilpraktikern. Die lymphologische Ganzheitstherapie habe ich bei Dr. med. A. Barth gelernt. Er ist Entwickler dieser tiefgreifenden Behandlungsmethode. Mit den Therapieformen, die ich anbiete, will ich Menschen wieder zu mehr Lebensqualit\u00e4t verhelfen.<\/p>\n<p style=\"text-align: justify;\">Ich bin verheiratet, wir haben zwei erwachsene Kinder. Neuster Familienzuwachs ist unsere Tibet-Terrier-H\u00fcndin \u201eMaya\u201c.<\/p>\n<p style=\"text-align: justify;\"><strong>Ich bin Mitglied im Verband freier Heilpraktiker e.V.<\/strong><\/p>\n<\/div>\n<div style=\"width: 40%; height: 100%; float: right;\"><img loading=\"lazy\" decoding=\"async\" class=\"aligncenter wp-image-76 size-large\" style=\"border: 0px solid #000000; margin-top: 0px; margin-bottom: 0px; margin-left: 10px;\" src=\"http:\/\/heilpraxis-roetzer.de\/wp-content\/uploads\/2015\/09\/7403-1-2-870x1024.jpg\" alt=\"Ursula Roetzer\" width=\"870\" height=\"1024\" \/><\/div>\n<\/div>\n<p style=\"text-align: left;\"><a href=\"http:\/\/heilpraxis-roetzer.de\/?p=10\">Hier finden Sie Informationen zu meinem Therapieangebot<\/a><\/p>\n","protected":false},"excerpt":{"rendered":"<p>\u00dcber mich Schon w\u00e4hrend meiner Zeit als pharmazeutische Fachkraft hat mich die Heilkraft der Pflanzen sehr interessiert. Auch das Bed\u00fcrfnis, kranken Menschen zu helfen, damit Sie wieder zu Wohlbefinden und Lebensfreude gelangen, liegt mir am Herzen. Berufung zum Beruf Diese F\u00e4higkeiten habe ich zu meinem Beruf gemacht. Nach erfolgreich abgeschlossener Ausbildung zur Heilpraktikerin, konnte ich [&hellip;]<\/p>\n","protected":false},"author":1,"featured_media":0,"parent":0,"menu_order":0,"comment_status":"closed","ping_status":"closed","template":"","meta":{"footnotes":""},"class_list":["post-8","page","type-page","status-publish","hentry"],"_links":{"self":[{"href":"https:\/\/heilpraxis-roetzer.de\/index.php?rest_route=\/wp\/v2\/pages\/8","targetHints":{"allow":["GET"]}}],"collection":[{"href":"https:\/\/heilpraxis-roetzer.de\/index.php?rest_route=\/wp\/v2\/pages"}],"about":[{"href":"https:\/\/heilpraxis-roetzer.de\/index.php?rest_route=\/wp\/v2\/types\/page"}],"author":[{"embeddable":true,"href":"https:\/\/heilpraxis-roetzer.de\/index.php?rest_route=\/wp\/v2\/users\/1"}],"replies":[{"embeddable":true,"href":"https:\/\/heilpraxis-roetzer.de\/index.php?rest_route=%2Fwp%2Fv2%2Fcomments&post=8"}],"version-history":[{"count":28,"href":"https:\/\/heilpraxis-roetzer.de\/index.php?rest_route=\/wp\/v2\/pages\/8\/revisions"}],"predecessor-version":[{"id":306,"href":"https:\/\/heilpraxis-roetzer.de\/index.php?rest_route=\/wp\/v2\/pages\/8\/revisions\/306"}],"wp:attachment":[{"href":"https:\/\/heilpraxis-roetzer.de\/index.php?rest_route=%2Fwp%2Fv2%2Fmedia&parent=8"}],"curies":[{"name":"wp","href":"https:\/\/api.w.org\/{rel}","templated":true}]}}