{"id":5,"date":"2015-09-21T20:00:42","date_gmt":"2015-09-21T18:00:42","guid":{"rendered":"http:\/\/heilpraxis-roetzer.de\/?page_id=5"},"modified":"2016-03-11T00:38:35","modified_gmt":"2016-03-10T23:38:35","slug":"meine-philosophie","status":"publish","type":"page","link":"https:\/\/heilpraxis-roetzer.de\/?page_id=5","title":{"rendered":"Meine Philosophie"},"content":{"rendered":"<div style=\"width: 80%; height: 100%; float: left;\">\n<p><img loading=\"lazy\" decoding=\"async\" class=\"alignleft size-large wp-image-118\" src=\"http:\/\/heilpraxis-roetzer.de\/wp-content\/uploads\/2016\/02\/IMG_0227-2-20-1024x340.jpg\" alt=\"IMG_0227 (2)--20\" width=\"955\" height=\"317\" srcset=\"https:\/\/heilpraxis-roetzer.de\/wp-content\/uploads\/2016\/02\/IMG_0227-2-20-1024x340.jpg 1024w, https:\/\/heilpraxis-roetzer.de\/wp-content\/uploads\/2016\/02\/IMG_0227-2-20-300x100.jpg 300w, https:\/\/heilpraxis-roetzer.de\/wp-content\/uploads\/2016\/02\/IMG_0227-2-20-768x255.jpg 768w\" sizes=\"auto, (max-width: 955px) 100vw, 955px\" \/><\/p>\n<h1>Erstarrtes zum Flie\u00dfen bringen<\/h1>\n<p style=\"text-align: justify;\">F\u00fcr unser ganzheitliches Wohlbefinden ist das harmonische Zusammenspiel von K\u00f6rper, Seele und Geist, gleich einem fein aufeinander abgestimmten Orchester, von entscheidender Bedeutung.<\/p>\n<p style=\"text-align: justify;\">F\u00fcr mich als Therapeutin steht an erster Stelle, diese Harmonie wieder herzustellen, wenn sie gest\u00f6rt ist. Mit der entsprechenden Therapie lassen sich die k\u00f6rpereignen Heilkr\u00e4fte aktivieren.<\/p>\n<p style=\"text-align: justify;\">Physische und psychische \u00dcberlastung, eine nicht optimale Lebensweise \u2013 die St\u00f6rung unseres k\u00f6rperlichen und seelischen Gleichgewichts kann viele Ursachen haben. Gemeinsam mit meinen Patienten gehe ich den Ursachen auf den Grund. Denn nur so kann ich die, f\u00fcr \u00a0Sie passende Therapie finden, um Erstarrtes wieder zum Flie\u00dfen zu bringen.<\/p>\n<p style=\"text-align: justify;\">Eine erfolgreiche Therapie braucht neben Wissen und K\u00f6nnen auch Zeit und Aufmerksamkeit.<\/p>\n<\/div>\n","protected":false},"excerpt":{"rendered":"<p>Erstarrtes zum Flie\u00dfen bringen F\u00fcr unser ganzheitliches Wohlbefinden ist das harmonische Zusammenspiel von K\u00f6rper, Seele und Geist, gleich einem fein aufeinander abgestimmten Orchester, von entscheidender Bedeutung. F\u00fcr mich als Therapeutin steht an erster Stelle, diese Harmonie wieder herzustellen, wenn sie gest\u00f6rt ist. Mit der entsprechenden Therapie lassen sich die k\u00f6rpereignen Heilkr\u00e4fte aktivieren. Physische und psychische [&hellip;]<\/p>\n","protected":false},"author":1,"featured_media":0,"parent":0,"menu_order":0,"comment_status":"closed","ping_status":"closed","template":"","meta":{"footnotes":""},"class_list":["post-5","page","type-page","status-publish","hentry"],"_links":{"self":[{"href":"https:\/\/heilpraxis-roetzer.de\/index.php?rest_route=\/wp\/v2\/pages\/5","targetHints":{"allow":["GET"]}}],"collection":[{"href":"https:\/\/heilpraxis-roetzer.de\/index.php?rest_route=\/wp\/v2\/pages"}],"about":[{"href":"https:\/\/heilpraxis-roetzer.de\/index.php?rest_route=\/wp\/v2\/types\/page"}],"author":[{"embeddable":true,"href":"https:\/\/heilpraxis-roetzer.de\/index.php?rest_route=\/wp\/v2\/users\/1"}],"replies":[{"embeddable":true,"href":"https:\/\/heilpraxis-roetzer.de\/index.php?rest_route=%2Fwp%2Fv2%2Fcomments&post=5"}],"version-history":[{"count":21,"href":"https:\/\/heilpraxis-roetzer.de\/index.php?rest_route=\/wp\/v2\/pages\/5\/revisions"}],"predecessor-version":[{"id":260,"href":"https:\/\/heilpraxis-roetzer.de\/index.php?rest_route=\/wp\/v2\/pages\/5\/revisions\/260"}],"wp:attachment":[{"href":"https:\/\/heilpraxis-roetzer.de\/index.php?rest_route=%2Fwp%2Fv2%2Fmedia&parent=5"}],"curies":[{"name":"wp","href":"https:\/\/api.w.org\/{rel}","templated":true}]}}