{"id":32,"date":"2015-09-21T20:26:54","date_gmt":"2015-09-21T18:26:54","guid":{"rendered":"http:\/\/heilpraxis-roetzer.de\/?page_id=32"},"modified":"2019-09-20T12:07:23","modified_gmt":"2019-09-20T10:07:23","slug":"impressum","status":"publish","type":"page","link":"https:\/\/heilpraxis-roetzer.de\/?page_id=32","title":{"rendered":"Impressum\/Datenschutz"},"content":{"rendered":"<h3><strong>Impressum<\/strong><\/h3>\n<p><strong>Inhaltlich verantwortlich gem\u00e4\u00df \u00a7 5 Telemediengesetz (TMG) und \u00a7 55 Abs. 2 Staatsvertrag f\u00fcr Rundfunk und Telemedien (RStV)<\/strong><strong>: <\/strong>Ursula Roetzer<\/p>\n<p style=\"padding-left: 40px;\">Naturheilpraxis<br \/>\nUrsula Roetzer<br \/>\nHeilpraktikerin<br \/>\nDecker Str. 6<br \/>\n70825 Korntal-M\u00fcnchingen<\/p>\n<p style=\"padding-left: 40px;\"><strong>Telefon: 0711 94548363<\/strong><br \/>\n<strong>Fax: \u00a0 \u00a0 \u00a0 0711 94548364<\/strong><br \/>\n<strong>Email: <\/strong><a href=\"mailto:info@heilpraxis-roetzer.com\">info@heilpraxis-roetzer.com<\/a><\/p>\n<p><strong>Gesetzliche Berufsbezeichnung: Heilpraktiker <\/strong>(verliehen in der Bundesrepublik Deutschland)<br \/>\nErlaubnis zur Aus\u00fcbung der Heilkunde ohne Bestallung als Heilpraktiker vom Mai 2014, erteilt durch das Gesundheitsamt Heilbronn<\/p>\n<p><strong>Zust\u00e4ndige Aufsichtsbeh\u00f6rde: <\/strong>Landratsamt Heilbronn, Gesundheitsamt, Lerchenstr. 40, 74064 Heilbronn, Tel. 07131-994-7100<\/p>\n<p>Berufsrechtliche Regelungen:<br \/>\nGesetz \u00fcber die berufsm\u00e4\u00dfige Aus\u00fcbung der Heilkunde ohne Bestallung (Heilpraktikergesetz) vom 17.02.1939, und Durchf\u00fchrungsordnung ist nachzulesen im Internet unter<br \/>\n<a href=\"http:\/\/www.gesetze-im-internet.de\/heilprg\/index.html\">http:\/\/www.gesetze-im-internet.de\/heilprg\/index.html<\/a> und<br \/>\n<a href=\"http:\/\/www.gesetze-im-internet.de\/heilprgdv_1\/index.html\">http:\/\/www.gesetze-im-internet.de\/heilprgdv_1\/index.html<\/a><\/p>\n<p>Berufsordnung nachzulesen im Internet unter:<br \/>\n<a href=\"http:\/\/www.heilpraktiker.org\/die-berufsordnung-fuer-heilpraktiker\">http:\/\/www.heilpraktiker.org\/die-berufsordnung-fuer-heilpraktiker<\/a><\/p>\n<p>Berufsverbandsmitgliedschaft: Verband Unabh\u00e4ngiger Heilpraktiker e.V., MitgliedsNr. 5198<\/p>\n<p>Heilkundliche T\u00e4tigkeit ist von der Umsatzsteuer nach gem\u00e4\u00df \u00a7 4 Nr. 14 UStG befreit<\/p>\n<h3><strong>Haftungsausschluss \/ Internet Desclaimer<\/strong><\/h3>\n<p><strong>Haftungshinweise f\u00fcr Inhalte<\/strong><br \/>\nDie Inhalte der Homepage wurden mit gr\u00f6\u00dftm\u00f6glicher Sorgfalt und nach bestem Gewissen erstellt. F\u00fcr die Aktualit\u00e4t, Vollst\u00e4ndigkeit und Richtigkeit der Inhalte kann ich keinerlei Gew\u00e4hr \u00fcbernehmen.<\/p>\n<p>Als Diensteanbieter bin ich gem\u00e4\u00df \u00a7 7 Abs. 1 TMG f\u00fcr eigene Inhalte und bereitgestellte Informationen auf diesen Seiten nach den allgemeinen Gesetzen verantwortlich; nach den \u00a7\u00a7 8 bis 10 TMG jedoch nicht verpflichtet, die \u00fcbermittelten oder gespeicherten fremden Informationen zu \u00fcberwachen. Ich weise vorsorglich darauf hin, dass meine Homepage auch Informationen durch Dritte aufweisen k\u00f6nnen. F\u00fcr die Richtigkeit dieser Informationen kann ich keine Haftung \u00fcbernehmen. Eine Entfernung oder Sperrung dieser Inhalte erfolgt umgehend ab dem Zeitpunkt der Kenntnis einer konkreten Rechtsverletzung.<\/p>\n<p><strong>f\u00fcr die dargestellten Links<\/strong><br \/>\nDie Webseite enth\u00e4lt sog. \u201eexterne Links\u201c (Verlinkungen) zu anderen Webseiten, auf deren Inhalt ich keinen Einfluss habe. Aus diesem Grund kann ich f\u00fcr diese Inhalte auch keine Gew\u00e4hr \u00fcbernehmen.<br \/>\nF\u00fcr die Inhalte und Richtigkeit der bereitgestellten Informationen ist der jeweilige Anbieter der verlinkten Webseite verantwortlich. Zum Zeitpunkt der Verlinkung waren keine Rechtsverst\u00f6\u00dfe erkennbar. Bei Bekanntwerden einer solchen Rechtsverletzung wird der Link umgehend entfernen.<\/p>\n<p><strong>Urheberrecht\/Leistungsschutzrecht<\/strong><br \/>\nDie auf meiner Homepage ver\u00f6ffentlichten Inhalte, Werke und bereitgestellten Informationen unterliegen dem deutschen Urheberrecht und Leistungsschutzrecht. Jede Art der Vervielf\u00e4ltigung, Bearbeitung, Verbreitung, Einspeicherung und jede Art der Verwertung au\u00dferhalb der Grenzen des Urheberrechts bedarf der vorherigen schriftlichen Zustimmung des jeweiligen Autors. Soweit die Inhalte dieser Seiten nicht von mir, sondern von Seiten Dritter stammen, werden die Urheberrechte beachtet und die Inhalte als solche gekennzeichnet.<br \/>\nSollten Sie dennoch auf die Verletzung von Urheberrechten Dritter aufmerksam werden, bitte ich um einen entsprechenden Hinweis. Bei Bekanntwerden solcher Rechtsverletzungen werde ich die Inhalte umgehend entfernen<\/p>\n<h3><b>Datenschutzerkl\u00e4rung<\/b><\/h3>\n<h4><strong>1. Datenschutz auf einen Blick<\/strong><\/h4>\n<p><b>Allgemeine Hinweise<\/b><\/p>\n<p><span style=\"font-weight: 400;\">Die folgenden Hinweise geben einen einfachen \u00dcberblick dar\u00fcber, was mit Ihren personenbezogenen Daten passiert, wenn Sie unsere Website besuchen. Personenbezogene Daten sind alle Daten, mit denen Sie pers\u00f6nlich identifiziert werden k\u00f6nnen. Ausf\u00fchrliche Informationen zum Thema Datenschutz entnehmen Sie unserer unter diesem Text aufgef\u00fchrten Datenschutzerkl\u00e4rung.\u00a0<\/span><\/p>\n<h5><b>Datenerfassung auf unserer Website<\/b><\/h5>\n<p><b>Wer ist verantwortlich f\u00fcr die Datenerfassung auf dieser Website?<\/b><\/p>\n<p><span style=\"font-weight: 400;\">Die Datenverarbeitung auf dieser Website erfolgt durch den Websitebetreiber. Dessen Kontaktdaten k\u00f6nnen Sie dem Impressum dieser Website entnehmen.\u00a0<\/span><\/p>\n<p><b>Wie erfassen wir Ihre Daten?<\/b><\/p>\n<p><span style=\"font-weight: 400;\">Ihre Daten werden zum einen dadurch erhoben, dass Sie uns diese mitteilen. Hierbei kann es sich z.B. um Daten handeln, die Sie in ein Kontaktformular eingeben.<\/span><\/p>\n<p><span style=\"font-weight: 400;\">Andere Daten werden automatisch beim Besuch der Website durch unsere IT-Systeme erfasst. Das sind vor allem technische Daten (z.B. Internetbrowser, Betriebssystem oder Uhrzeit des Seitenaufrufs). Die Erfassung dieser Daten erfolgt automatisch, sobald Sie unsere Website betreten.\u00a0<\/span><\/p>\n<p><b>Wof\u00fcr nutzen wir Ihre Daten?<\/b><\/p>\n<p><span style=\"font-weight: 400;\">Ein Teil der Daten wird erhoben, um eine fehlerfreie Bereitstellung der Website zu gew\u00e4hrleisten. Andere Daten k\u00f6nnen zur Analyse Ihres Nutzerverhaltens verwendet werden.\u00a0<\/span><\/p>\n<p><b>Welche Rechte haben Sie bez\u00fcglich Ihrer Daten?<\/b><\/p>\n<p><span style=\"font-weight: 400;\">Sie haben jederzeit das Recht unentgeltlich Auskunft \u00fcber Herkunft, Empf\u00e4nger und Zweck Ihrer gespeicherten personenbezogenen Daten zu erhalten. Sie haben au\u00dferdem ein Recht, die Berichtigung, Sperrung oder L\u00f6schung dieser Daten zu verlangen. Hierzu sowie zu weiteren Fragen zum Thema Datenschutz k\u00f6nnen Sie sich jederzeit unter der im Impressum angegebenen Adresse an uns wenden. Des Weiteren steht Ihnen ein Beschwerderecht bei der zust\u00e4ndigen Aufsichtsbeh\u00f6rde zu.<\/span><\/p>\n<h4><b>2. Allgemeine Hinweise und Pflichtinformationen<\/b><\/h4>\n<p><b>Datenschutz<\/b><\/p>\n<p><span style=\"font-weight: 400;\">Die Betreiber dieser Seiten nehmen den Schutz Ihrer pers\u00f6nlichen Daten sehr ernst. Wir behandeln Ihre personenbezogenen Daten vertraulich und entsprechend der gesetzlichen Datenschutzvorschriften sowie dieser Datenschutzerkl\u00e4rung.<\/span><\/p>\n<p><span style=\"font-weight: 400;\">Wenn Sie diese Website benutzen, werden verschiedene personenbezogene Daten erhoben. Personenbezogene Daten sind Daten, mit denen Sie pers\u00f6nlich identifiziert werden k\u00f6nnen. Die vorliegende Datenschutzerkl\u00e4rung erl\u00e4utert, welche Daten wir erheben und wof\u00fcr wir sie nutzen. Sie erl\u00e4utert auch, wie und zu welchem Zweck das geschieht.<\/span><\/p>\n<p><span style=\"font-weight: 400;\">Wir weisen darauf hin, dass die Daten\u00fcbertragung im Internet (z.B. bei der Kommunikation per E-Mail) Sicherheitsl\u00fccken aufweisen kann. Ein l\u00fcckenloser Schutz der Daten vor dem Zugriff durch Dritte ist nicht m\u00f6glich.\u00a0<\/span><\/p>\n<p><b>Hinweis zur verantwortlichen Stelle<\/b><\/p>\n<p><span style=\"font-weight: 400;\">Die verantwortliche Stelle f\u00fcr die Datenverarbeitung auf dieser Website ist:<\/span><\/p>\n<p style=\"padding-left: 40px;\"><span style=\"font-weight: 400;\">Naturheilpraxis Ursula Roetzer\u00a0<\/span><br \/>\n<span style=\"font-weight: 400;\">Frau Ursula Roetzer,\u00a0<\/span><br \/>\n<span style=\"font-weight: 400;\">Deckerstra\u00dfe 6,\u00a0<\/span><br \/>\n<span style=\"font-weight: 400;\">70825 Korntal-M\u00fcnchingen<\/span><br \/>\n<span style=\"font-weight: 400;\">Telefon: 0711 94548363<\/span><br \/>\n<span style=\"font-weight: 400;\">Fax:\u00a0 \u00a0 \u00a0 \u00a0 0711 94548364<\/span><br \/>\n<span style=\"font-weight: 400;\">Email: <\/span><a href=\"mailto:info@heilpraxis-roetzer.com\"><span style=\"font-weight: 400;\">info@heilpraxis-roetzer.com<\/span><\/a><\/p>\n<p><span style=\"font-weight: 400;\">Verantwortliche Stelle ist die nat\u00fcrliche oder juristische Person, die allein oder gemeinsam mit anderen \u00fcber die Zwecke und Mittel der Verarbeitung von personenbezogenen Daten (z.B. Namen, E-Mail-Adressen o. \u00c4.) entscheidet.\u00a0<\/span><\/p>\n<p><b>Widerruf Ihrer Einwilligung zur Datenverarbeitung<\/b><\/p>\n<p><span style=\"font-weight: 400;\">Viele Datenverarbeitungsvorg\u00e4nge sind nur mit Ihrer ausdr\u00fccklichen Einwilligung m\u00f6glich. Sie k\u00f6nnen eine bereits erteilte Einwilligung jederzeit widerrufen. Dazu reicht eine formlose Mitteilung per E-Mail an uns. Die Rechtm\u00e4\u00dfigkeit der bis zum Widerruf erfolgten Datenverarbeitung bleibt vom Widerruf unber\u00fchrt.\u00a0<\/span><\/p>\n<p><b>Beschwerderecht bei der zust\u00e4ndigen Aufsichtsbeh\u00f6rde<\/b><\/p>\n<p><span style=\"font-weight: 400;\">Im Falle datenschutzrechtlicher Verst\u00f6\u00dfe steht dem Betroffenen ein Beschwerderecht bei der zust\u00e4ndigen Aufsichtsbeh\u00f6rde zu. Zust\u00e4ndige Aufsichtsbeh\u00f6rde in datenschutzrechtlichen Fragen ist der Landesdatenschutzbeauftragte des Bundeslandes, in dem unser Unternehmen seinen Sitz hat. Eine Liste der Datenschutzbeauftragten sowie deren Kontaktdaten k\u00f6nnen folgendem Link entnommen werden:<\/span><\/p>\n<p><a href=\"https:\/\/www.bfdi.bund.de\/DE\/Infothek\/Anschriften_Links\/anschriften_links-node.html\"><span style=\"font-weight: 400;\">https:\/\/www.bfdi.bund.de\/DE\/Infothek\/Anschriften_Links\/anschriften_links-node.html<\/span><\/a><\/p>\n<p><b>Recht auf Daten\u00fcbertragbarkeit<\/b><\/p>\n<p><span style=\"font-weight: 400;\">Sie haben das Recht, Daten, die wir auf Grundlage Ihrer Einwilligung oder in Erf\u00fcllung eines Vertrags automatisiert verarbeiten, an sich oder an einen Dritten in einem g\u00e4ngigen, maschinenlesbaren Format aush\u00e4ndigen zu lassen. Sofern Sie die direkte \u00dcbertragung der Daten an einen anderen Verantwortlichen verlangen, erfolgt dies nur, soweit es technisch machbar ist.\u00a0<\/span><\/p>\n<p><b>Auskunft, Sperrung, L\u00f6schung<\/b><\/p>\n<p><span style=\"font-weight: 400;\">Sie haben im Rahmen der geltenden gesetzlichen Bestimmungen jederzeit das Recht auf unentgeltliche Auskunft \u00fcber Ihre gespeicherten personenbezogenen Daten, deren Herkunft und Empf\u00e4nger und den Zweck der Datenverarbeitung und ggf. ein Recht auf Berichtigung, Sperrung oder L\u00f6schung dieser Daten. Hierzu sowie zu weiteren Fragen zum Thema personenbezogene Daten k\u00f6nnen Sie sich jederzeit unter der im Impressum angegebenen Adresse an uns wenden.<\/span><\/p>\n<p><b>Widerspruch gegen Werbe-Mails<\/b><\/p>\n<p><span style=\"font-weight: 400;\">Der Nutzung von im Rahmen der Impressumspflicht ver\u00f6ffentlichten Kontaktdaten zur \u00dcbersendung von nicht ausdr\u00fccklich angeforderter Werbung und Informationsmaterialien wird hiermit widersprochen. Die Betreiber der Seiten behalten sich ausdr\u00fccklich rechtliche Schritte im Falle der unverlangten Zusendung von Werbeinformationen, etwa durch Spam-E-Mails, vor.\u00a0<\/span><\/p>\n<h4><b>3. Datenerfassung auf unserer Website<\/b><\/h4>\n<p><b>Webhosting und E-Mail-Versand<\/b><\/p>\n<p><span style=\"font-weight: 400;\">Die von uns in Anspruch genommenen Webhosting-Leistungen dienen der Zurverf\u00fcgungstellung der folgenden Leistungen: Infrastruktur- und Plattformdienstleistungen, Rechenkapazit\u00e4t, Speicherplatz und Datenbankdienste, E-Mail-Versand, Sicherheitsleistungen sowie technische Wartungsleistungen, die wir zum Zwecke des Betriebs dieses Onlineangebotes einsetzen. Hierbei verarbeiten wir, bzw. unser Hostinganbieter Bestandsdaten, Kontaktdaten, Inhaltsdaten, Vertragsdaten, Nutzungsdaten, Meta- und Kommunikationsdaten von Kunden, Interessenten und Besuchern dieses Onlineangebotes auf Grundlage unserer berechtigten Interessen an einer effizienten und sicheren Zurverf\u00fcgungstellung dieses Onlineangebotes.\u00a0<\/span><\/p>\n<p><b>Erhebung von Zugriffsdaten und Logfiles<\/b><\/p>\n<p><span style=\"font-weight: 400;\">Wir, bzw. unser Hostinganbieter, erhebt auf Grundlage unserer berechtigten Interessen Daten \u00fcber jeden Zugriff auf den Server, auf dem sich dieser Dienst befindet (sogenannte Serverlogfiles). Zu den Zugriffsdaten geh\u00f6ren Name der abgerufenen Webseite, Datei, Datum und Uhrzeit des Abrufs, \u00fcbertragene Datenmenge, Meldung \u00fcber erfolgreichen Abruf, Browsertyp nebst Version, das Betriebssystem des Nutzers, Referrer URL (die zuvor besuchte Seite), IP-Adresse und der anfragende Provider. Logfile-Informationen werden aus Sicherheitsgr\u00fcnden (z.B. zur Aufkl\u00e4rung von Missbrauchs- oder Betrugshandlungen) f\u00fcr die Dauer von maximal 7 Tagen gespeichert und danach gel\u00f6scht. Daten, deren weitere Aufbewahrung zu Beweiszwecken erforderlich ist, sind bis zur endg\u00fcltigen Kl\u00e4rung des jeweiligen Vorfalls von der L\u00f6schung ausgenommen.<\/span><\/p>\n","protected":false},"excerpt":{"rendered":"<p>Impressum Inhaltlich verantwortlich gem\u00e4\u00df \u00a7 5 Telemediengesetz (TMG) und \u00a7 55 Abs. 2 Staatsvertrag f\u00fcr Rundfunk und Telemedien (RStV): Ursula Roetzer Naturheilpraxis Ursula Roetzer Heilpraktikerin Decker Str. 6 70825 Korntal-M\u00fcnchingen Telefon: 0711 94548363 Fax: \u00a0 \u00a0 \u00a0 0711 94548364 Email: info@heilpraxis-roetzer.com Gesetzliche Berufsbezeichnung: Heilpraktiker (verliehen in der Bundesrepublik Deutschland) Erlaubnis zur Aus\u00fcbung der Heilkunde ohne [&hellip;]<\/p>\n","protected":false},"author":1,"featured_media":0,"parent":0,"menu_order":0,"comment_status":"closed","ping_status":"closed","template":"","meta":{"footnotes":""},"class_list":["post-32","page","type-page","status-publish","hentry"],"_links":{"self":[{"href":"https:\/\/heilpraxis-roetzer.de\/index.php?rest_route=\/wp\/v2\/pages\/32","targetHints":{"allow":["GET"]}}],"collection":[{"href":"https:\/\/heilpraxis-roetzer.de\/index.php?rest_route=\/wp\/v2\/pages"}],"about":[{"href":"https:\/\/heilpraxis-roetzer.de\/index.php?rest_route=\/wp\/v2\/types\/page"}],"author":[{"embeddable":true,"href":"https:\/\/heilpraxis-roetzer.de\/index.php?rest_route=\/wp\/v2\/users\/1"}],"replies":[{"embeddable":true,"href":"https:\/\/heilpraxis-roetzer.de\/index.php?rest_route=%2Fwp%2Fv2%2Fcomments&post=32"}],"version-history":[{"count":10,"href":"https:\/\/heilpraxis-roetzer.de\/index.php?rest_route=\/wp\/v2\/pages\/32\/revisions"}],"predecessor-version":[{"id":330,"href":"https:\/\/heilpraxis-roetzer.de\/index.php?rest_route=\/wp\/v2\/pages\/32\/revisions\/330"}],"wp:attachment":[{"href":"https:\/\/heilpraxis-roetzer.de\/index.php?rest_route=%2Fwp%2Fv2%2Fmedia&parent=32"}],"curies":[{"name":"wp","href":"https:\/\/api.w.org\/{rel}","templated":true}]}}