{"id":28,"date":"2015-09-21T20:19:42","date_gmt":"2015-09-21T18:19:42","guid":{"rendered":"http:\/\/heilpraxis-roetzer.de\/?page_id=28"},"modified":"2022-01-11T09:11:29","modified_gmt":"2022-01-11T08:11:29","slug":"behandlungskosten","status":"publish","type":"page","link":"https:\/\/heilpraxis-roetzer.de\/?page_id=28","title":{"rendered":"Behandlungskosten"},"content":{"rendered":"<h2>Behandlungskosten<\/h2>\n<p style=\"text-align: justify;\">Grundlage f\u00fcr die Behandlungskosten sind die Geb\u00fchrenordnung f\u00fcr Heilpraktiker (Geb\u00fcH 1985) und die Honorarvereinbarung.<\/p>\n<p style=\"text-align: justify;\">Im Anschluss an die Behandlung wird eine Rechnung erstellt. Den Rechnungsbetrag \u00fcberweisen Sie bitte, unabh\u00e4ngig von der Kosten\u00fcbernahme Ihrer Krankenkasse, innerhalb von 14 Tagen nach Erhalt der Rechnung.<\/p>\n<p style=\"text-align: justify;\">Gesetzliche Krankenkassen \u00fcbernehmen die Kosten f\u00fcr Heilpraktiker in der Regel nicht.<\/p>\n<p style=\"text-align: justify;\">Die privaten Krankenkassen und private Zusatzversicherungen \u00fcbernehmen die Kosten entsprechend den vereinbarten Tarifen. Sie m\u00fcssen damit rechnen, dass nur ein Teil der Behandlungskosten \u00fcbernommen wird.<\/p>\n<p style=\"text-align: justify;\">Es besteht auch die M\u00f6glichkeit, die Behandlungskosten steuerlich geltend zu machen. Fragen Sie hierzu bitte Ihren Steuerberater.<\/p>\n<p style=\"text-align: justify;\">Eine Beratung am Telefon oder per E Mail wird nach Zeitaufwand abgerechnet.<\/p>\n<p style=\"text-align: justify;\">Die Kosten f\u00fcr ein Patientengespr\u00e4ch, f\u00fcr die Behandlung und Untersuchungen werden nach<\/p>\n<ul>\n<li style=\"text-align: justify;\">Stundensatz:\u00a0\u00a0 60min\u00a0\u00a0\u00a0\u00a0\u00a0\u00a0\u00a0\u00a0\u00a0\u00a0 \u20ac 95,00<\/li>\n<\/ul>\n","protected":false},"excerpt":{"rendered":"<p>Behandlungskosten Grundlage f\u00fcr die Behandlungskosten sind die Geb\u00fchrenordnung f\u00fcr Heilpraktiker (Geb\u00fcH 1985) und die Honorarvereinbarung. Im Anschluss an die Behandlung wird eine Rechnung erstellt. Den Rechnungsbetrag \u00fcberweisen Sie bitte, unabh\u00e4ngig von der Kosten\u00fcbernahme Ihrer Krankenkasse, innerhalb von 14 Tagen nach Erhalt der Rechnung. Gesetzliche Krankenkassen \u00fcbernehmen die Kosten f\u00fcr Heilpraktiker in der Regel nicht. Die [&hellip;]<\/p>\n","protected":false},"author":1,"featured_media":0,"parent":0,"menu_order":0,"comment_status":"closed","ping_status":"closed","template":"","meta":{"footnotes":""},"class_list":["post-28","page","type-page","status-publish","hentry"],"_links":{"self":[{"href":"https:\/\/heilpraxis-roetzer.de\/index.php?rest_route=\/wp\/v2\/pages\/28","targetHints":{"allow":["GET"]}}],"collection":[{"href":"https:\/\/heilpraxis-roetzer.de\/index.php?rest_route=\/wp\/v2\/pages"}],"about":[{"href":"https:\/\/heilpraxis-roetzer.de\/index.php?rest_route=\/wp\/v2\/types\/page"}],"author":[{"embeddable":true,"href":"https:\/\/heilpraxis-roetzer.de\/index.php?rest_route=\/wp\/v2\/users\/1"}],"replies":[{"embeddable":true,"href":"https:\/\/heilpraxis-roetzer.de\/index.php?rest_route=%2Fwp%2Fv2%2Fcomments&post=28"}],"version-history":[{"count":7,"href":"https:\/\/heilpraxis-roetzer.de\/index.php?rest_route=\/wp\/v2\/pages\/28\/revisions"}],"predecessor-version":[{"id":341,"href":"https:\/\/heilpraxis-roetzer.de\/index.php?rest_route=\/wp\/v2\/pages\/28\/revisions\/341"}],"wp:attachment":[{"href":"https:\/\/heilpraxis-roetzer.de\/index.php?rest_route=%2Fwp%2Fv2%2Fmedia&parent=28"}],"curies":[{"name":"wp","href":"https:\/\/api.w.org\/{rel}","templated":true}]}}