{"id":26,"date":"2015-09-21T20:13:42","date_gmt":"2015-09-21T18:13:42","guid":{"rendered":"http:\/\/heilpraxis-roetzer.de\/?page_id=26"},"modified":"2016-03-28T09:32:06","modified_gmt":"2016-03-28T07:32:06","slug":"26-2","status":"publish","type":"page","link":"https:\/\/heilpraxis-roetzer.de\/?page_id=26","title":{"rendered":"Mehr \u00fcber die Ern\u00e4hrungsformen"},"content":{"rendered":"<h2><img loading=\"lazy\" decoding=\"async\" class=\"alignleft size-large wp-image-289\" src=\"http:\/\/heilpraxis-roetzer.de\/wp-content\/uploads\/2015\/09\/432xvdb2_choped-1024x330.jpg\" alt=\"432xvdb2_choped\" width=\"955\" height=\"308\" srcset=\"https:\/\/heilpraxis-roetzer.de\/wp-content\/uploads\/2015\/09\/432xvdb2_choped-1024x330.jpg 1024w, https:\/\/heilpraxis-roetzer.de\/wp-content\/uploads\/2015\/09\/432xvdb2_choped-300x97.jpg 300w, https:\/\/heilpraxis-roetzer.de\/wp-content\/uploads\/2015\/09\/432xvdb2_choped-768x247.jpg 768w, https:\/\/heilpraxis-roetzer.de\/wp-content\/uploads\/2015\/09\/432xvdb2_choped.jpg 1198w\" sizes=\"auto, (max-width: 955px) 100vw, 955px\" \/><\/h2>\n<h2>Mehr \u00fcber die Ern\u00e4hrungsformen<\/h2>\n<div style=\"width: 83%;\">\n<p style=\"text-align: justify;\"><strong>Was ist Schonkost?<\/strong><br \/>\nDie Schonkost ist f\u00fcr Kinder, \u00e4ltere Menschen und Menschen mit Verdauungsbeschwerden geeignet. Sie ist ausschlie\u00dflich basen\u00fcbersch\u00fcssig, enth\u00e4lt kein Milcheiwei\u00df, keinen raffinierten Zucker und ist glutenfrei.<\/p>\n<p style=\"text-align: justify;\"><strong>Was ist S\u00e4ure-Fasten<sup>\u00ae<\/sup> ?<\/strong><br \/>\nS\u00e4ure-Fasten<sup>\u00ae<\/sup> ist besonders f\u00fcr Menschen mit chronischen Verdauungsproblemen und Nahrungsmittelallergien oder Nahrungsmittelunvertr\u00e4glichkeiten gedacht. Es eignet sich aber auch sehr gut f\u00fcr Entschlackungskuren. Die Kost ist \u00fcberwiegend vegetarisch und zur t\u00e4glichen Ern\u00e4hrung geeignet.<\/p>\n<p style=\"text-align: justify;\"><strong>Was ist Gourmetkost?<\/strong><br \/>\nDie Gourmetkost ist mit der fr\u00fcheren Sonntagsk\u00fcche vergleichbar. Das bedeutet, es gibt nur einmal in der Woche Fisch oder Fleisch, ab und zu auch einen Nachtisch oder ein St\u00fcck Kuchen.<\/p>\n<p style=\"text-align: justify;\">Die Kost sollte aus 80 Prozent basenbildenden und 20 Prozent s\u00e4urebildenden Nahrungsmitteln bestehen. Das bedeutet, wenig Fleisch, Fisch und Eier und viel Obst, Gem\u00fcse, Kartoffeln, H\u00fclsenfr\u00fcchte sowie leicht verdauliches Getreide und Reis.<\/p>\n<p style=\"text-align: justify;\"><strong>F\u00fcr ein gesundes und ausgeglichenes Leben.<\/strong><\/p>\n<div style=\"text-align: left; float: left;\"><a href=\"http:\/\/heilpraxis-roetzer.de\/?p=24\">Zur\u00fcck zur Ern\u00e4hrung<\/a><\/div>\n<div style=\"text-align: right;\"><a href=\"http:\/\/heilpraxis-roetzer.de\/?p=10\">Zur\u00fcck zum Therapieangebot<\/a><\/div>\n<\/div>\n","protected":false},"excerpt":{"rendered":"<p>Mehr \u00fcber die Ern\u00e4hrungsformen Was ist Schonkost? Die Schonkost ist f\u00fcr Kinder, \u00e4ltere Menschen und Menschen mit Verdauungsbeschwerden geeignet. Sie ist ausschlie\u00dflich basen\u00fcbersch\u00fcssig, enth\u00e4lt kein Milcheiwei\u00df, keinen raffinierten Zucker und ist glutenfrei. Was ist S\u00e4ure-Fasten\u00ae ? S\u00e4ure-Fasten\u00ae ist besonders f\u00fcr Menschen mit chronischen Verdauungsproblemen und Nahrungsmittelallergien oder Nahrungsmittelunvertr\u00e4glichkeiten gedacht. Es eignet sich aber auch sehr [&hellip;]<\/p>\n","protected":false},"author":1,"featured_media":0,"parent":24,"menu_order":0,"comment_status":"closed","ping_status":"closed","template":"","meta":{"footnotes":""},"class_list":["post-26","page","type-page","status-publish","hentry"],"_links":{"self":[{"href":"https:\/\/heilpraxis-roetzer.de\/index.php?rest_route=\/wp\/v2\/pages\/26","targetHints":{"allow":["GET"]}}],"collection":[{"href":"https:\/\/heilpraxis-roetzer.de\/index.php?rest_route=\/wp\/v2\/pages"}],"about":[{"href":"https:\/\/heilpraxis-roetzer.de\/index.php?rest_route=\/wp\/v2\/types\/page"}],"author":[{"embeddable":true,"href":"https:\/\/heilpraxis-roetzer.de\/index.php?rest_route=\/wp\/v2\/users\/1"}],"replies":[{"embeddable":true,"href":"https:\/\/heilpraxis-roetzer.de\/index.php?rest_route=%2Fwp%2Fv2%2Fcomments&post=26"}],"version-history":[{"count":11,"href":"https:\/\/heilpraxis-roetzer.de\/index.php?rest_route=\/wp\/v2\/pages\/26\/revisions"}],"predecessor-version":[{"id":313,"href":"https:\/\/heilpraxis-roetzer.de\/index.php?rest_route=\/wp\/v2\/pages\/26\/revisions\/313"}],"up":[{"embeddable":true,"href":"https:\/\/heilpraxis-roetzer.de\/index.php?rest_route=\/wp\/v2\/pages\/24"}],"wp:attachment":[{"href":"https:\/\/heilpraxis-roetzer.de\/index.php?rest_route=%2Fwp%2Fv2%2Fmedia&parent=26"}],"curies":[{"name":"wp","href":"https:\/\/api.w.org\/{rel}","templated":true}]}}