{"id":24,"date":"2015-09-21T20:13:05","date_gmt":"2015-09-21T18:13:05","guid":{"rendered":"http:\/\/heilpraxis-roetzer.de\/?page_id=24"},"modified":"2016-03-28T09:29:17","modified_gmt":"2016-03-28T07:29:17","slug":"die-ernaehrung","status":"publish","type":"page","link":"https:\/\/heilpraxis-roetzer.de\/?page_id=24","title":{"rendered":"Die Ern\u00e4hrung"},"content":{"rendered":"<h2><img loading=\"lazy\" decoding=\"async\" class=\"alignleft size-large wp-image-289\" src=\"http:\/\/heilpraxis-roetzer.de\/wp-content\/uploads\/2015\/09\/432xvdb2_choped-1024x330.jpg\" alt=\"432xvdb2_choped\" width=\"955\" height=\"308\" srcset=\"https:\/\/heilpraxis-roetzer.de\/wp-content\/uploads\/2015\/09\/432xvdb2_choped-1024x330.jpg 1024w, https:\/\/heilpraxis-roetzer.de\/wp-content\/uploads\/2015\/09\/432xvdb2_choped-300x97.jpg 300w, https:\/\/heilpraxis-roetzer.de\/wp-content\/uploads\/2015\/09\/432xvdb2_choped-768x247.jpg 768w, https:\/\/heilpraxis-roetzer.de\/wp-content\/uploads\/2015\/09\/432xvdb2_choped.jpg 1198w\" sizes=\"auto, (max-width: 955px) 100vw, 955px\" \/><\/h2>\n<h2><strong>Die Ern\u00e4hrung<\/strong><\/h2>\n<div style=\"width: 83%;\">\n<p style=\"text-align: justify;\">Eine gesunde Ern\u00e4hrung ist von entscheidender Bedeutung f\u00fcr unsere k\u00f6rperliche Gesundheit und geistige Leistungsf\u00e4higkeit.<\/p>\n<p style=\"text-align: justify;\"><strong>Typgerechte Ern\u00e4hrung<\/strong><br \/>\nDie Ern\u00e4hrung muss auf die individuellen Bed\u00fcrfnisse abgestimmt sein. Wichtige Aspekte sind beispielsweise<\/p>\n<ul style=\"text-align: justify;\">\n<li>Stoffwechseltyp<\/li>\n<li>famili\u00e4re Veranlagungen<\/li>\n<li>bestehende Allergien und Unvertr\u00e4glichkeiten<\/li>\n<li>Alter<\/li>\n<li>Konstitution<\/li>\n<\/ul>\n<p style=\"text-align: justify;\">Nach einer ausf\u00fchrlichen Anamnese erstelle ich einen passenden Ern\u00e4hrungsplan. Grundlage dieses Ern\u00e4hrungsplans ist die basische Kost nach Rosemarie Holzer.<\/p>\n<p style=\"text-align: justify;\"><strong>Die drei Ern\u00e4hrungsformen <\/strong><br \/>\nJeder Ern\u00e4hrungsplan bewegt sich zwischen den drei Formen<\/p>\n<ul>\n<li style=\"text-align: justify;\">Schonkost zur Darmschonung<\/li>\n<li style=\"text-align: justify;\">S\u00e4ure-Fasten<sup>\u00ae<\/sup> zur Darmschulung<\/li>\n<li style=\"text-align: justify;\">Gourmetkost zum Darmaufbau<\/li>\n<\/ul>\n<div style=\"text-align: left; float: left;\"><a href=\"http:\/\/heilpraxis-roetzer.de\/?p=10\">Zur\u00fcck zum Therapieangebot<\/a><\/div>\n<div style=\"text-align: right;\"><a href=\"http:\/\/heilpraxis-roetzer.de\/?p=26\">Mehr Informationen zu einer gesunden Ern\u00e4hrung<\/a><\/div>\n<\/div>\n","protected":false},"excerpt":{"rendered":"<p>Die Ern\u00e4hrung Eine gesunde Ern\u00e4hrung ist von entscheidender Bedeutung f\u00fcr unsere k\u00f6rperliche Gesundheit und geistige Leistungsf\u00e4higkeit. Typgerechte Ern\u00e4hrung Die Ern\u00e4hrung muss auf die individuellen Bed\u00fcrfnisse abgestimmt sein. Wichtige Aspekte sind beispielsweise Stoffwechseltyp famili\u00e4re Veranlagungen bestehende Allergien und Unvertr\u00e4glichkeiten Alter Konstitution Nach einer ausf\u00fchrlichen Anamnese erstelle ich einen passenden Ern\u00e4hrungsplan. Grundlage dieses Ern\u00e4hrungsplans ist die basische [&hellip;]<\/p>\n","protected":false},"author":1,"featured_media":0,"parent":10,"menu_order":0,"comment_status":"closed","ping_status":"closed","template":"","meta":{"footnotes":""},"class_list":["post-24","page","type-page","status-publish","hentry"],"_links":{"self":[{"href":"https:\/\/heilpraxis-roetzer.de\/index.php?rest_route=\/wp\/v2\/pages\/24","targetHints":{"allow":["GET"]}}],"collection":[{"href":"https:\/\/heilpraxis-roetzer.de\/index.php?rest_route=\/wp\/v2\/pages"}],"about":[{"href":"https:\/\/heilpraxis-roetzer.de\/index.php?rest_route=\/wp\/v2\/types\/page"}],"author":[{"embeddable":true,"href":"https:\/\/heilpraxis-roetzer.de\/index.php?rest_route=\/wp\/v2\/users\/1"}],"replies":[{"embeddable":true,"href":"https:\/\/heilpraxis-roetzer.de\/index.php?rest_route=%2Fwp%2Fv2%2Fcomments&post=24"}],"version-history":[{"count":11,"href":"https:\/\/heilpraxis-roetzer.de\/index.php?rest_route=\/wp\/v2\/pages\/24\/revisions"}],"predecessor-version":[{"id":310,"href":"https:\/\/heilpraxis-roetzer.de\/index.php?rest_route=\/wp\/v2\/pages\/24\/revisions\/310"}],"up":[{"embeddable":true,"href":"https:\/\/heilpraxis-roetzer.de\/index.php?rest_route=\/wp\/v2\/pages\/10"}],"wp:attachment":[{"href":"https:\/\/heilpraxis-roetzer.de\/index.php?rest_route=%2Fwp%2Fv2%2Fmedia&parent=24"}],"curies":[{"name":"wp","href":"https:\/\/api.w.org\/{rel}","templated":true}]}}