{"id":20,"date":"2015-09-21T20:10:34","date_gmt":"2015-09-21T18:10:34","guid":{"rendered":"http:\/\/heilpraxis-roetzer.de\/?page_id=20"},"modified":"2016-03-28T09:29:47","modified_gmt":"2016-03-28T07:29:47","slug":"die-phytotherapie","status":"publish","type":"page","link":"https:\/\/heilpraxis-roetzer.de\/?page_id=20","title":{"rendered":"Die Phytotherapie"},"content":{"rendered":"<h2><img loading=\"lazy\" decoding=\"async\" class=\"size-full wp-image-239 alignnone\" src=\"http:\/\/heilpraxis-roetzer.de\/wp-content\/uploads\/2015\/09\/Arnkia_choped.png\" alt=\"Arnkia_choped\" width=\"1018\" height=\"310\" srcset=\"https:\/\/heilpraxis-roetzer.de\/wp-content\/uploads\/2015\/09\/Arnkia_choped.png 1018w, https:\/\/heilpraxis-roetzer.de\/wp-content\/uploads\/2015\/09\/Arnkia_choped-300x91.png 300w, https:\/\/heilpraxis-roetzer.de\/wp-content\/uploads\/2015\/09\/Arnkia_choped-768x234.png 768w\" sizes=\"auto, (max-width: 1018px) 100vw, 1018px\" \/><\/h2>\n<h2><strong>Die Phytotherapie<\/strong><\/h2>\n<div style=\"width: 88%;\">\n<p style=\"text-align: justify;\">Die Phytotherapie aktiviert Heilungsprozesse und wirkt unterst\u00fctzend. Die von mir angewandte Phytotherapie basiert auf der Spagyrik, eine alte europ\u00e4ische Form der Pflanzenheilkunde, die auf Paracelsus zur\u00fcckgeht.<\/p>\n<p style=\"text-align: justify;\"><strong>Pflanzliche Essenzen mit Energie<\/strong><br \/>\nIn der Phytotherapie werden ausschlie\u00dflich pflanzliche Wirkstoffe eingesetzt. Die Essenzen der einzelnen Pflanzen werden in der Spagyrik nach einem speziellen Verfahren gewonnen.<\/p>\n<p style=\"text-align: justify;\"><strong>Selbstheilungskr\u00e4fte aktivieren<\/strong><br \/>\nSo werden die therapeutischen Kr\u00e4fte der Pflanzen in vollem Umfang freigesetzt, um unsere Selbstheilungskr\u00e4fte auf k\u00f6rperlicher, seelischer und geistiger Ebene zu aktivieren.<\/p>\n<p style=\"text-align: justify;\">Die Pflanzenessenzen k\u00f6nnen eingesetzt werden<\/p>\n<ul style=\"text-align: justify;\">\n<li>zur St\u00e4rkung des Immunsystems<\/li>\n<li>als begleitende Ma\u00dfnahme bei anderen Therapieformen<\/li>\n<li>bei akuten und<\/li>\n<li>bei chronischen Krankheiten<\/li>\n<\/ul>\n<p style=\"text-align: justify;\">Die Behandlung erfolgt mit individuell zusammengestellten Mischungen.<\/p>\n<div style=\"text-align: left; float: left;\"><a href=\"http:\/\/heilpraxis-roetzer.de\/?p=10\">Zur\u00fcck zum Therapieangebot<\/a><\/div>\n<div style=\"text-align: right;\"><a href=\"http:\/\/heilpraxis-roetzer.de\/?p=22\">Mehr Informationen zur Phytotherapie<\/a><\/div>\n<\/div>\n","protected":false},"excerpt":{"rendered":"<p>Die Phytotherapie Die Phytotherapie aktiviert Heilungsprozesse und wirkt unterst\u00fctzend. Die von mir angewandte Phytotherapie basiert auf der Spagyrik, eine alte europ\u00e4ische Form der Pflanzenheilkunde, die auf Paracelsus zur\u00fcckgeht. Pflanzliche Essenzen mit Energie In der Phytotherapie werden ausschlie\u00dflich pflanzliche Wirkstoffe eingesetzt. Die Essenzen der einzelnen Pflanzen werden in der Spagyrik nach einem speziellen Verfahren gewonnen. Selbstheilungskr\u00e4fte [&hellip;]<\/p>\n","protected":false},"author":1,"featured_media":0,"parent":10,"menu_order":0,"comment_status":"closed","ping_status":"closed","template":"","meta":{"footnotes":""},"class_list":["post-20","page","type-page","status-publish","hentry"],"_links":{"self":[{"href":"https:\/\/heilpraxis-roetzer.de\/index.php?rest_route=\/wp\/v2\/pages\/20","targetHints":{"allow":["GET"]}}],"collection":[{"href":"https:\/\/heilpraxis-roetzer.de\/index.php?rest_route=\/wp\/v2\/pages"}],"about":[{"href":"https:\/\/heilpraxis-roetzer.de\/index.php?rest_route=\/wp\/v2\/types\/page"}],"author":[{"embeddable":true,"href":"https:\/\/heilpraxis-roetzer.de\/index.php?rest_route=\/wp\/v2\/users\/1"}],"replies":[{"embeddable":true,"href":"https:\/\/heilpraxis-roetzer.de\/index.php?rest_route=%2Fwp%2Fv2%2Fcomments&post=20"}],"version-history":[{"count":7,"href":"https:\/\/heilpraxis-roetzer.de\/index.php?rest_route=\/wp\/v2\/pages\/20\/revisions"}],"predecessor-version":[{"id":311,"href":"https:\/\/heilpraxis-roetzer.de\/index.php?rest_route=\/wp\/v2\/pages\/20\/revisions\/311"}],"up":[{"embeddable":true,"href":"https:\/\/heilpraxis-roetzer.de\/index.php?rest_route=\/wp\/v2\/pages\/10"}],"wp:attachment":[{"href":"https:\/\/heilpraxis-roetzer.de\/index.php?rest_route=%2Fwp%2Fv2%2Fmedia&parent=20"}],"curies":[{"name":"wp","href":"https:\/\/api.w.org\/{rel}","templated":true}]}}