{"id":16,"date":"2015-09-21T20:08:50","date_gmt":"2015-09-21T18:08:50","guid":{"rendered":"http:\/\/heilpraxis-roetzer.de\/?page_id=16"},"modified":"2016-03-28T09:28:24","modified_gmt":"2016-03-28T07:28:24","slug":"die-colon-hydro-therapie","status":"publish","type":"page","link":"https:\/\/heilpraxis-roetzer.de\/?page_id=16","title":{"rendered":"Die Colon-Hydro-Therapie"},"content":{"rendered":"<p><img loading=\"lazy\" decoding=\"async\" class=\"alignleft size-full wp-image-298\" src=\"http:\/\/heilpraxis-roetzer.de\/wp-content\/uploads\/2016\/03\/Stadien_des_L\u00f6wenzahn_choped_1000_400.jpg\" alt=\"Stadien_des_L\u00f6wenzahn_choped_1000_400\" width=\"1000\" height=\"400\" srcset=\"https:\/\/heilpraxis-roetzer.de\/wp-content\/uploads\/2016\/03\/Stadien_des_L\u00f6wenzahn_choped_1000_400.jpg 1000w, https:\/\/heilpraxis-roetzer.de\/wp-content\/uploads\/2016\/03\/Stadien_des_L\u00f6wenzahn_choped_1000_400-300x120.jpg 300w, https:\/\/heilpraxis-roetzer.de\/wp-content\/uploads\/2016\/03\/Stadien_des_L\u00f6wenzahn_choped_1000_400-768x307.jpg 768w\" sizes=\"auto, (max-width: 1000px) 100vw, 1000px\" \/><\/p>\n<h2><strong>Die Colon-Hydro-Therapie <\/strong><\/h2>\n<div style=\"width: 83%;\">\n<p style=\"text-align: justify;\">Im Darm wird die Nahrung so aufbereitet, dass unsere K\u00f6rperzellen sie aufnehmen k\u00f6nnen. Gleichzeitig ist er auch ein wichtiges Organ f\u00fcr unser Immunsystem und zust\u00e4ndig f\u00fcr unsere Ausscheidungen. Der Darm tr\u00e4gt wesentlich zu unserem Wohlbefinden bei.<\/p>\n<p style=\"text-align: justify;\"><strong>Stress und falsches Essen schaden dem Darm<\/strong><br \/>\nN\u00e4hrstoffarme Kost, Medikamente, Stress, hormonelle Einfl\u00fcsse, aber auch eine zu geringe Fl\u00fcssigkeitsaufnahme kann die gesunde Darmfunktion beeintr\u00e4chtigen und zu einer Vielzahl von Krankheiten f\u00fchren.<\/p>\n<p style=\"text-align: justify;\"><strong>Die Colon-Hydro-Therapie<\/strong><br \/>\nDie Colon-Hydro-Therapie oder Darmsp\u00fclung ist eine wirksame Methode. Sie reinigt und entgiftet den Dickdarm auf nat\u00fcrliche Weise und v\u00f6llig ohne Nebenwirkungen.<\/p>\n<p style=\"text-align: justify;\">Die Colon-Hydro-Therapie kann bei folgenden Symptomen helfen:<\/p>\n<ul style=\"text-align: justify;\">\n<li>st\u00e4ndigen Infekten<\/li>\n<li>Allergien<\/li>\n<li>Reizdarmsyndrom<\/li>\n<li>Verstopfung<\/li>\n<li>Hautproblemen<\/li>\n<\/ul>\n<p style=\"text-align: justify;\">Sie aktiviert die nat\u00fcrliche Darmperistaltik, verbessert die Darmflora und sorgt so f\u00fcr ein gest\u00e4rktes Immunsystem.<\/p>\n<div style=\"text-align: left; float: left;\"><a href=\"http:\/\/heilpraxis-roetzer.de\/?p=10\">Zur\u00fcck zum Therapieangebot<\/a><\/div>\n<div style=\"text-align: right;\"><a href=\"http:\/\/heilpraxis-roetzer.de\/?p=18\">Mehr Informationen zur Colon-Hydro-Therapie<\/a><\/div>\n<\/div>\n","protected":false},"excerpt":{"rendered":"<p>Die Colon-Hydro-Therapie Im Darm wird die Nahrung so aufbereitet, dass unsere K\u00f6rperzellen sie aufnehmen k\u00f6nnen. Gleichzeitig ist er auch ein wichtiges Organ f\u00fcr unser Immunsystem und zust\u00e4ndig f\u00fcr unsere Ausscheidungen. Der Darm tr\u00e4gt wesentlich zu unserem Wohlbefinden bei. Stress und falsches Essen schaden dem Darm N\u00e4hrstoffarme Kost, Medikamente, Stress, hormonelle Einfl\u00fcsse, aber auch eine zu [&hellip;]<\/p>\n","protected":false},"author":1,"featured_media":0,"parent":10,"menu_order":0,"comment_status":"closed","ping_status":"closed","template":"","meta":{"footnotes":""},"class_list":["post-16","page","type-page","status-publish","hentry"],"_links":{"self":[{"href":"https:\/\/heilpraxis-roetzer.de\/index.php?rest_route=\/wp\/v2\/pages\/16","targetHints":{"allow":["GET"]}}],"collection":[{"href":"https:\/\/heilpraxis-roetzer.de\/index.php?rest_route=\/wp\/v2\/pages"}],"about":[{"href":"https:\/\/heilpraxis-roetzer.de\/index.php?rest_route=\/wp\/v2\/types\/page"}],"author":[{"embeddable":true,"href":"https:\/\/heilpraxis-roetzer.de\/index.php?rest_route=\/wp\/v2\/users\/1"}],"replies":[{"embeddable":true,"href":"https:\/\/heilpraxis-roetzer.de\/index.php?rest_route=%2Fwp%2Fv2%2Fcomments&post=16"}],"version-history":[{"count":27,"href":"https:\/\/heilpraxis-roetzer.de\/index.php?rest_route=\/wp\/v2\/pages\/16\/revisions"}],"predecessor-version":[{"id":309,"href":"https:\/\/heilpraxis-roetzer.de\/index.php?rest_route=\/wp\/v2\/pages\/16\/revisions\/309"}],"up":[{"embeddable":true,"href":"https:\/\/heilpraxis-roetzer.de\/index.php?rest_route=\/wp\/v2\/pages\/10"}],"wp:attachment":[{"href":"https:\/\/heilpraxis-roetzer.de\/index.php?rest_route=%2Fwp%2Fv2%2Fmedia&parent=16"}],"curies":[{"name":"wp","href":"https:\/\/api.w.org\/{rel}","templated":true}]}}