{"id":14,"date":"2015-09-21T20:07:54","date_gmt":"2015-09-21T18:07:54","guid":{"rendered":"http:\/\/heilpraxis-roetzer.de\/?page_id=14"},"modified":"2016-03-25T12:56:32","modified_gmt":"2016-03-25T11:56:32","slug":"mehr-ueber-die-lgb","status":"publish","type":"page","link":"https:\/\/heilpraxis-roetzer.de\/?page_id=14","title":{"rendered":"Mehr \u00fcber die LGB\u00ae"},"content":{"rendered":"<p><img loading=\"lazy\" decoding=\"async\" class=\"alignleft size-large wp-image-292\" src=\"http:\/\/heilpraxis-roetzer.de\/wp-content\/uploads\/2015\/09\/Melilotus_sulcata_choped_1200-1024x341.jpg\" alt=\"Melilotus_sulcata_choped_1200\" width=\"955\" height=\"318\" srcset=\"https:\/\/heilpraxis-roetzer.de\/wp-content\/uploads\/2015\/09\/Melilotus_sulcata_choped_1200-1024x341.jpg 1024w, https:\/\/heilpraxis-roetzer.de\/wp-content\/uploads\/2015\/09\/Melilotus_sulcata_choped_1200-300x100.jpg 300w, https:\/\/heilpraxis-roetzer.de\/wp-content\/uploads\/2015\/09\/Melilotus_sulcata_choped_1200-768x256.jpg 768w, https:\/\/heilpraxis-roetzer.de\/wp-content\/uploads\/2015\/09\/Melilotus_sulcata_choped_1200.jpg 1200w\" sizes=\"auto, (max-width: 955px) 100vw, 955px\" \/><\/p>\n<h2>Mehr \u00fcber die LGB<sup>\u00ae<\/sup><\/h2>\n<div style=\"width: 83%;\">\n<p style=\"text-align: justify;\"><strong>Was macht die Lymphe?<\/strong><br \/>\nBillionen Zellen sorgen f\u00fcr einen reibungslosen Ablauf der chemisch-physikalischen Prozesse in unserem K\u00f6rper. Doch wer versorgt die Zellen, diese lebenswichtigen Einheiten, mit N\u00e4hrstoffen und Sauerstoff? Ist Transporteur von Hormonen, Stoffwechselprodukten und Zellen, die wichtig f\u00fcr das Immunabwehrsystem sind? Und wer ist f\u00fcr die Entsorgung der Abfallstoffe zust\u00e4ndig?<\/p>\n<p style=\"text-align: justify;\">Es ist die Lymphe, das \u201eklare Wasser\u201c, wie der aus dem Lateinischen stammende Begriff \u00fcbersetzt hei\u00dft. Jene Fl\u00fcssigkeit, die einem Teil des Blutserum entspricht und aus dem Kapillarsystem ins Gewebe austritt. Sie durchzieht im extrazellul\u00e4ren Raum alle Organe, das Binde- und St\u00fctzgewebe, sowie den intrazellul\u00e4ren Raum.<\/p>\n<p style=\"text-align: justify;\">F\u00fcr die Zellen und damit f\u00fcr die Gesunderhaltung unseres K\u00f6rpers ist eine gut flie\u00dfende Lymphe als Transporteur von Vitalstoffen von entscheidender Bedeutung.<\/p>\n<p style=\"text-align: justify;\"><strong>Was behindert den Lymphfluss?<\/strong><br \/>\nDie Lymphe reagiert auf Einfl\u00fcsse, denen unser K\u00f6rper ausgesetzt ist. So kann zum Beispiel unausgewogene Ern\u00e4hrung dazu f\u00fchren, dass unser Organismus im wahrsten Sinne des Wortes \u201esauer\u201c reagiert<\/p>\n<p style=\"text-align: justify;\">Aber auch physische und psychische Belastungen k\u00f6nnen zu St\u00f6rungen f\u00fchren.<\/p>\n<p style=\"text-align: justify;\">Eine Verfestigung der Lymphe bis hin zur acidotischen Lymphblockade kann die Folge sein. Diese erschwert den Weg der Lymphe zur Zelle oder versperrt ihn sogar ganz. Die Zelle wird nicht mehr ausreichend versorgt. Daraus kann ein geschw\u00e4chtes Immunsystem bis hin zu entz\u00fcndlichen und degenerativen Erkrankungen entstehen.<\/p>\n<p style=\"text-align: justify;\"><strong>Wie hilft LGB<\/strong><sup>\u00ae<\/sup> <strong>?<\/strong><br \/>\nDie Hindernisse m\u00fcssen gel\u00f6st, die Lymphe wieder in Fluss gebracht werden. Mit der Lymphologischen Ganzheitstherapie nach Dr. Barth (LGB<sup>\u00ae<\/sup>) werden innere Verwachsungen und Verklebungen aufgrund verfestigter Lymphe ausschlie\u00dflich manuell gel\u00f6st.<\/p>\n<p style=\"text-align: justify;\">Die tiefgreifende Behandlung erfolgt vorwiegend am K\u00f6rperstamm ( Bauch.- Brustraum, R\u00fccken, Hals, Kopf) und in zweiter Linie an den Extremit\u00e4ten. Dadurch werden Prozesse im K\u00f6rper aktiviert und das extra.- und intrazellul\u00e4re \u201eWasser\u201c wieder in Schwung gebracht. Alle Organe und Gewebe werden wieder besser durchflutet und versorgt.<br \/>\nSo k\u00f6nnen Funktionsst\u00f6rungen gelindert oder geheilt werden.<\/p>\n<p style=\"text-align: justify;\"><strong>Sie f\u00fchlen sich wohl und gesund.<\/strong><\/p>\n<div style=\"text-align: left; float:left;\"><a href=\"http:\/\/heilpraxis-roetzer.de\/?p=12\">Zur\u00fcck zur Lymphologische Ganzheitstherapie nach Dr. Barth<\/a><\/div>\n<div style=\"text-align: right;\"><a href=\"http:\/\/heilpraxis-roetzer.de\/?p=10\">Zur\u00fcck zum Therapieangebot<\/a><\/div>\n<\/div>\n","protected":false},"excerpt":{"rendered":"<p>Mehr \u00fcber die LGB\u00ae Was macht die Lymphe? Billionen Zellen sorgen f\u00fcr einen reibungslosen Ablauf der chemisch-physikalischen Prozesse in unserem K\u00f6rper. Doch wer versorgt die Zellen, diese lebenswichtigen Einheiten, mit N\u00e4hrstoffen und Sauerstoff? Ist Transporteur von Hormonen, Stoffwechselprodukten und Zellen, die wichtig f\u00fcr das Immunabwehrsystem sind? Und wer ist f\u00fcr die Entsorgung der Abfallstoffe zust\u00e4ndig? [&hellip;]<\/p>\n","protected":false},"author":1,"featured_media":0,"parent":12,"menu_order":0,"comment_status":"closed","ping_status":"closed","template":"","meta":{"footnotes":""},"class_list":["post-14","page","type-page","status-publish","hentry"],"_links":{"self":[{"href":"https:\/\/heilpraxis-roetzer.de\/index.php?rest_route=\/wp\/v2\/pages\/14","targetHints":{"allow":["GET"]}}],"collection":[{"href":"https:\/\/heilpraxis-roetzer.de\/index.php?rest_route=\/wp\/v2\/pages"}],"about":[{"href":"https:\/\/heilpraxis-roetzer.de\/index.php?rest_route=\/wp\/v2\/types\/page"}],"author":[{"embeddable":true,"href":"https:\/\/heilpraxis-roetzer.de\/index.php?rest_route=\/wp\/v2\/users\/1"}],"replies":[{"embeddable":true,"href":"https:\/\/heilpraxis-roetzer.de\/index.php?rest_route=%2Fwp%2Fv2%2Fcomments&post=14"}],"version-history":[{"count":23,"href":"https:\/\/heilpraxis-roetzer.de\/index.php?rest_route=\/wp\/v2\/pages\/14\/revisions"}],"predecessor-version":[{"id":302,"href":"https:\/\/heilpraxis-roetzer.de\/index.php?rest_route=\/wp\/v2\/pages\/14\/revisions\/302"}],"up":[{"embeddable":true,"href":"https:\/\/heilpraxis-roetzer.de\/index.php?rest_route=\/wp\/v2\/pages\/12"}],"wp:attachment":[{"href":"https:\/\/heilpraxis-roetzer.de\/index.php?rest_route=%2Fwp%2Fv2%2Fmedia&parent=14"}],"curies":[{"name":"wp","href":"https:\/\/api.w.org\/{rel}","templated":true}]}}