{"id":10,"date":"2015-09-21T20:04:43","date_gmt":"2015-09-21T18:04:43","guid":{"rendered":"http:\/\/heilpraxis-roetzer.de\/?page_id=10"},"modified":"2016-03-25T11:56:47","modified_gmt":"2016-03-25T10:56:47","slug":"mein-therapieangebot","status":"publish","type":"page","link":"https:\/\/heilpraxis-roetzer.de\/?page_id=10","title":{"rendered":"Mein Therapieangebot"},"content":{"rendered":"<h1><strong>Mein Therapieangebot<br \/>\n<\/strong><\/h1>\n<div style=\"width: 83%;\">\n<p style=\"text-align: justify;\">Mit den von mir angewandten Therapien sollen die Selbstheilungskr\u00e4fte des K\u00f6rpers wieder in Gang gebracht werden.<\/p>\n<p style=\"text-align: justify;\"><strong><a href=\"http:\/\/heilpraxis-roetzer.de\/?p=12\">Die lymphologische Ganzheitstherapie nach Dr. Barth (LGB<sup>\u00ae<\/sup>)<\/a><\/strong><br \/>\nL\u00f6st acidotische Lymphblockaden (s\u00e4urebedingte Verfestigungen) und bringt die Lymphe wieder zum Flie\u00dfen. Ziel ist es, die Heilungsprozesse anzuregen und das Immunsystem zu st\u00e4rken.<\/p>\n<p style=\"text-align: justify;\"><strong><a href=\"http:\/\/heilpraxis-roetzer.de\/?p=16\">Die Colon-Hydro-Therapie<\/a> <\/strong><br \/>\nReinigt und entgiftet den Dickdarm auf nat\u00fcrliche Weise. Sie ist die perfekte Erg\u00e4nzung zur LGB<sup>\u00ae<\/sup>, um gel\u00f6ste Schlacken auszuleiten.<\/p>\n<p style=\"text-align: justify;\"><strong><a href=\"http:\/\/heilpraxis-roetzer.de\/?p=20\">Die Phytotherapie<\/a> <\/strong><br \/>\nAktiviert Selbstheilungskr\u00e4fte und wirkt unterst\u00fctzend.<\/p>\n<p style=\"text-align: justify;\"><strong><a href=\"http:\/\/heilpraxis-roetzer.de\/?p=24\">Die Ern\u00e4hrungsberatung<\/a> <\/strong><br \/>\nUnterst\u00fctzt die gesunde Ern\u00e4hrung f\u00fcr einen ausgeglichenen S\u00e4ure-Basenhaushalt, der von entscheidender Bedeutung f\u00fcr ein vitales und ausgeglichenes Leben ist.<\/p>\n<\/div>\n","protected":false},"excerpt":{"rendered":"<p>Mein Therapieangebot Mit den von mir angewandten Therapien sollen die Selbstheilungskr\u00e4fte des K\u00f6rpers wieder in Gang gebracht werden. Die lymphologische Ganzheitstherapie nach Dr. Barth (LGB\u00ae) L\u00f6st acidotische Lymphblockaden (s\u00e4urebedingte Verfestigungen) und bringt die Lymphe wieder zum Flie\u00dfen. Ziel ist es, die Heilungsprozesse anzuregen und das Immunsystem zu st\u00e4rken. Die Colon-Hydro-Therapie Reinigt und entgiftet den Dickdarm [&hellip;]<\/p>\n","protected":false},"author":1,"featured_media":0,"parent":0,"menu_order":0,"comment_status":"closed","ping_status":"closed","template":"","meta":{"footnotes":""},"class_list":["post-10","page","type-page","status-publish","hentry"],"_links":{"self":[{"href":"https:\/\/heilpraxis-roetzer.de\/index.php?rest_route=\/wp\/v2\/pages\/10","targetHints":{"allow":["GET"]}}],"collection":[{"href":"https:\/\/heilpraxis-roetzer.de\/index.php?rest_route=\/wp\/v2\/pages"}],"about":[{"href":"https:\/\/heilpraxis-roetzer.de\/index.php?rest_route=\/wp\/v2\/types\/page"}],"author":[{"embeddable":true,"href":"https:\/\/heilpraxis-roetzer.de\/index.php?rest_route=\/wp\/v2\/users\/1"}],"replies":[{"embeddable":true,"href":"https:\/\/heilpraxis-roetzer.de\/index.php?rest_route=%2Fwp%2Fv2%2Fcomments&post=10"}],"version-history":[{"count":10,"href":"https:\/\/heilpraxis-roetzer.de\/index.php?rest_route=\/wp\/v2\/pages\/10\/revisions"}],"predecessor-version":[{"id":285,"href":"https:\/\/heilpraxis-roetzer.de\/index.php?rest_route=\/wp\/v2\/pages\/10\/revisions\/285"}],"wp:attachment":[{"href":"https:\/\/heilpraxis-roetzer.de\/index.php?rest_route=%2Fwp%2Fv2%2Fmedia&parent=10"}],"curies":[{"name":"wp","href":"https:\/\/api.w.org\/{rel}","templated":true}]}}